{"id":8660,"date":"2016-10-12T00:06:47","date_gmt":"2016-10-11T22:06:47","guid":{"rendered":"https:\/\/www.iumi.de\/weitere-informationen\/"},"modified":"2020-06-22T22:44:11","modified_gmt":"2020-06-22T20:44:11","slug":"further-information","status":"publish","type":"page","link":"https:\/\/www.iumi.de\/en\/further-information\/","title":{"rendered":"Further Information"},"content":{"rendered":"<p><div class=\"fusion-fullwidth fullwidth-box fusion-builder-row-1 nonhundred-percent-fullwidth non-hundred-percent-height-scrolling\" style=\"--awb-background-position:left top;--awb-border-radius-top-left:0px;--awb-border-radius-top-right:0px;--awb-border-radius-bottom-right:0px;--awb-border-radius-bottom-left:0px;--awb-padding-top:10%;--awb-padding-bottom:10px;--awb-border-sizes-top:0px;--awb-border-sizes-bottom:0px;--awb-flex-wrap:wrap;\" ><div class=\"fusion-builder-row fusion-row\"><div class=\"fusion-layout-column fusion_builder_column fusion-builder-column-0 fusion_builder_column_1_1 1_1 fusion-one-full fusion-column-first fusion-column-last fusion-column-no-min-height\" style=\"--awb-bg-size:cover;--awb-margin-bottom:0px;\"><div class=\"fusion-column-wrapper fusion-flex-column-wrapper-legacy\"><div class=\"fusion-text fusion-text-1\"><h2>WEITERE INFORMATIONEN F\u00dcR ENDVERBRAUCHER<\/h2>\n<h3>Informationspflichten gegen\u00fcber den privaten Haushalten gem\u00e4\u00df \u00a7 18 ElektroG<\/h3>\n<p>1. Gem\u00e4\u00df \u00a7 17 ElektroG ist IUMI verpflichtet, Elektro- und Elektronikaltger\u00e4te unentgeltlich zur\u00fcckzunehmen.<br \/>\n2. Besitzer von Elektro- und Elektronikaltger\u00e4ten sind verpflichtet, diese Ger\u00e4te einer vom unsortierten Siedlungsabfall getrennten Erfassung zuzuf\u00fchren. Die Entsorgung von Elektro- und Elektronikaltger\u00e4ten \u00fcber die Restm\u00fclltonne oder die gelbe Tonne ist nicht gestattet. Das nachfolgend dargestellte und auf Elektro- und Elektronikger\u00e4ten aufgebrachte Symbol einer durchgestrichenen Abfalltonne auf R\u00e4dern weist auf die Pflicht zur getrennten Erfassung hin:<\/p>\n<p><a href=\"https:\/\/www.iumi.de\/wp-content\/uploads\/2016\/10\/Abfalltonne-e1476261149211.jpg\"><img decoding=\"async\" class=\"alignnone size-full wp-image-8340\" src=\"https:\/\/www.iumi.de\/wp-content\/uploads\/2016\/10\/Abfalltonne-e1476261149211.jpg\" alt=\"abfalltonne\" width=\"250\" height=\"118\" srcset=\"https:\/\/www.iumi.de\/wp-content\/uploads\/2016\/10\/Abfalltonne-e1476261149211-150x71.jpg 150w, https:\/\/www.iumi.de\/wp-content\/uploads\/2016\/10\/Abfalltonne-e1476261149211.jpg 250w\" sizes=\"(max-width: 250px) 100vw, 250px\" \/><\/a><\/p>\n<\/div><div class=\"fusion-clearfix\"><\/div><\/div><\/div><\/div><\/div><div class=\"fusion-fullwidth fullwidth-box fusion-builder-row-2 nonhundred-percent-fullwidth non-hundred-percent-height-scrolling\" style=\"--awb-background-position:left top;--awb-border-radius-top-left:0px;--awb-border-radius-top-right:0px;--awb-border-radius-bottom-right:0px;--awb-border-radius-bottom-left:0px;--awb-padding-top:0px;--awb-padding-bottom:20px;--awb-border-sizes-top:0px;--awb-border-sizes-bottom:0px;--awb-flex-wrap:wrap;\" ><div class=\"fusion-builder-row fusion-row\"><div class=\"fusion-layout-column fusion_builder_column fusion-builder-column-1 fusion_builder_column_1_1 1_1 fusion-one-full fusion-column-first fusion-column-last fusion-column-no-min-height\" style=\"--awb-bg-size:cover;--awb-margin-bottom:0px;\"><div class=\"fusion-column-wrapper fusion-flex-column-wrapper-legacy\"><div class=\"fusion-text fusion-text-2\"><p>3. Wir weisen alle Besitzer von Elektro- und Elektronikaltger\u00e4ten darauf hin, dass sie per Gesetz verpflichtet sind, vor der Abgabe von Altger\u00e4ten, Altbatterien und Altakkumulatoren zu entnehmen, sofern diese nicht von diesen Altger\u00e4ten umschlossen sind. Wir weisen alle Endnutzer von Elektro- und Elektronikaltger\u00e4ten darauf hin, dass Sie f\u00fcr das L\u00f6schen personenbezogener Daten auf den zu entsorgenden Altger\u00e4ten selbst verantwortlich sind.<\/p>\n<h3>Verpackungsverordnung:<\/h3>\n<p>Den Regelungen der Verpackungsverordnung folgend ist IUMI verpflichtet, Verpackungen von Produkten, die kein Zeichen eines Systems der fl\u00e4chendeckenden Entsorgung (z.B. \u201eGr\u00fcner Punkt\u201c ) \u00a0tragen, zur\u00fcckzunehmen und eine Wiederverwendung oder Entsorgung zu gew\u00e4hrleisten.<\/p>\n<p>Zur R\u00fcckgabe solcher Verpackungen setzen Sie sich bitte mit IUMI in Verbindung:<\/p>\n<p>IUMI DESIGN<br \/>\nGustav-Adolf-Str. 17<br \/>\n13086 Berlin<\/p>\n<p>T:030-28857274<strong><br \/>\n<\/strong>M: info@iumi.de<\/p>\n<p>IUMI \u00a0hilft Ihnen eine kommunale Sammelstelle oder ein Entsorgungsunternehmen in Ihrer Umgebung zu finden, welches diese Verpackungen kostenfrei entgegennimmt. Es besteht aber auch die M\u00f6glichkeit die Verpackungen zu IUMI zu senden.<\/p>\n<p>Verpackungen werden von IUMI nach M\u00f6glichkeit wieder verwendet oder gem\u00e4\u00df den Bestimmungen der Verpackungsverordnung entsorgt.<\/p>\n<\/div><div class=\"fusion-clearfix\"><\/div><\/div><\/div><\/div><\/div><\/p>\n","protected":false},"excerpt":{"rendered":"","protected":false},"author":1,"featured_media":0,"parent":0,"menu_order":0,"comment_status":"closed","ping_status":"closed","template":"","meta":{"_acf_changed":false,"footnotes":""},"class_list":["post-8660","page","type-page","status-publish","hentry"],"acf":[],"_links":{"self":[{"href":"https:\/\/www.iumi.de\/en\/wp-json\/wp\/v2\/pages\/8660","targetHints":{"allow":["GET"]}}],"collection":[{"href":"https:\/\/www.iumi.de\/en\/wp-json\/wp\/v2\/pages"}],"about":[{"href":"https:\/\/www.iumi.de\/en\/wp-json\/wp\/v2\/types\/page"}],"author":[{"embeddable":true,"href":"https:\/\/www.iumi.de\/en\/wp-json\/wp\/v2\/users\/1"}],"replies":[{"embeddable":true,"href":"https:\/\/www.iumi.de\/en\/wp-json\/wp\/v2\/comments?post=8660"}],"version-history":[{"count":0,"href":"https:\/\/www.iumi.de\/en\/wp-json\/wp\/v2\/pages\/8660\/revisions"}],"wp:attachment":[{"href":"https:\/\/www.iumi.de\/en\/wp-json\/wp\/v2\/media?parent=8660"}],"curies":[{"name":"wp","href":"https:\/\/api.w.org\/{rel}","templated":true}]}}